{"id":606,"date":"2023-01-05T17:17:03","date_gmt":"2023-01-05T14:17:03","guid":{"rendered":"http:\/\/torunmuhendislik.com.tr\/demir\/?page_id=606"},"modified":"2023-01-05T17:34:25","modified_gmt":"2023-01-05T14:34:25","slug":"sac-levha-agirlik-hesaplama","status":"publish","type":"page","link":"https:\/\/torunmuhendislik.com.tr\/demir\/sac-levha-agirlik-hesaplama\/","title":{"rendered":"Sa\u00e7 Levha A\u011f\u0131rl\u0131k Hesaplama"},"content":{"rendered":"\t\t<div data-elementor-type=\"wp-page\" data-elementor-id=\"606\" class=\"elementor elementor-606\">\n\t\t\t\t\t\t<section class=\"elementor-section elementor-top-section elementor-element elementor-element-57da78d elementor-section-boxed elementor-section-height-default elementor-section-height-default\" data-id=\"57da78d\" data-element_type=\"section\">\n\t\t\t\t\t\t<div class=\"elementor-container elementor-column-gap-default\">\n\t\t\t\t\t<div class=\"elementor-column elementor-col-16 elementor-top-column elementor-element elementor-element-bb58dd8 ot-flex-column-vertical\" data-id=\"bb58dd8\" data-element_type=\"column\">\n\t\t\t<div class=\"elementor-widget-wrap elementor-element-populated\">\n\t\t\t\t\t\t<div class=\"elementor-element elementor-element-f1e3103 elementor-widget elementor-widget-image\" data-id=\"f1e3103\" data-element_type=\"widget\" data-widget_type=\"image.default\">\n\t\t\t\t<div class=\"elementor-widget-container\">\n\t\t\t\t\t\t\t\t\t\t\t\t\t\t\t\t<a href=\"\/demir\/profil-agirlik-hesaplama\/\">\n\t\t\t\t\t\t\t<img fetchpriority=\"high\" decoding=\"async\" width=\"238\" height=\"224\" src=\"https:\/\/torunmuhendislik.com.tr\/demir\/wp-content\/uploads\/sites\/3\/2023\/01\/profil-agirlik.jpg\" class=\"attachment-large size-large wp-image-509\" alt=\"\" \/>\t\t\t\t\t\t\t\t<\/a>\n\t\t\t\t\t\t\t\t\t\t\t\t\t\t\t<\/div>\n\t\t\t\t<\/div>\n\t\t\t\t\t<\/div>\n\t\t<\/div>\n\t\t\t\t<div class=\"elementor-column elementor-col-16 elementor-top-column elementor-element elementor-element-b4656bf ot-flex-column-vertical\" data-id=\"b4656bf\" data-element_type=\"column\">\n\t\t\t<div class=\"elementor-widget-wrap elementor-element-populated\">\n\t\t\t\t\t\t<div class=\"elementor-element elementor-element-56d8fe2 elementor-widget elementor-widget-image\" data-id=\"56d8fe2\" data-element_type=\"widget\" data-widget_type=\"image.default\">\n\t\t\t\t<div class=\"elementor-widget-container\">\n\t\t\t\t\t\t\t\t\t\t\t\t\t\t\t\t<a href=\"\/demir\/boru-agirlik-hesaplama\/\">\n\t\t\t\t\t\t\t<img decoding=\"async\" width=\"238\" height=\"224\" src=\"https:\/\/torunmuhendislik.com.tr\/demir\/wp-content\/uploads\/sites\/3\/2023\/01\/boru-agirlik.jpg\" class=\"attachment-large size-large wp-image-510\" alt=\"\" \/>\t\t\t\t\t\t\t\t<\/a>\n\t\t\t\t\t\t\t\t\t\t\t\t\t\t\t<\/div>\n\t\t\t\t<\/div>\n\t\t\t\t\t<\/div>\n\t\t<\/div>\n\t\t\t\t<div class=\"elementor-column elementor-col-16 elementor-top-column elementor-element elementor-element-520bbb6 ot-flex-column-vertical\" data-id=\"520bbb6\" data-element_type=\"column\">\n\t\t\t<div class=\"elementor-widget-wrap elementor-element-populated\">\n\t\t\t\t\t\t<div class=\"elementor-element elementor-element-0ec2c61 elementor-widget elementor-widget-image\" data-id=\"0ec2c61\" data-element_type=\"widget\" data-widget_type=\"image.default\">\n\t\t\t\t<div class=\"elementor-widget-container\">\n\t\t\t\t\t\t\t\t\t\t\t\t\t\t\t\t<a href=\"\/demir\/mil-agirlik-hesaplama\/\">\n\t\t\t\t\t\t\t<img decoding=\"async\" width=\"238\" height=\"224\" src=\"https:\/\/torunmuhendislik.com.tr\/demir\/wp-content\/uploads\/sites\/3\/2023\/01\/mil-agirlik.jpg\" class=\"attachment-large size-large wp-image-511\" alt=\"\" \/>\t\t\t\t\t\t\t\t<\/a>\n\t\t\t\t\t\t\t\t\t\t\t\t\t\t\t<\/div>\n\t\t\t\t<\/div>\n\t\t\t\t\t<\/div>\n\t\t<\/div>\n\t\t\t\t<div class=\"elementor-column elementor-col-16 elementor-top-column elementor-element elementor-element-918d119 ot-flex-column-vertical\" data-id=\"918d119\" data-element_type=\"column\">\n\t\t\t<div class=\"elementor-widget-wrap elementor-element-populated\">\n\t\t\t\t\t\t<div class=\"elementor-element elementor-element-f3fb3ad elementor-widget elementor-widget-image\" data-id=\"f3fb3ad\" data-element_type=\"widget\" data-widget_type=\"image.default\">\n\t\t\t\t<div class=\"elementor-widget-container\">\n\t\t\t\t\t\t\t\t\t\t\t\t\t\t\t\t<a href=\"\/demir\/alti-kose-malzeme-agirlik-hesaplama\/\">\n\t\t\t\t\t\t\t<img loading=\"lazy\" decoding=\"async\" width=\"238\" height=\"224\" src=\"https:\/\/torunmuhendislik.com.tr\/demir\/wp-content\/uploads\/sites\/3\/2023\/01\/alti-kose.jpg\" class=\"attachment-large size-large wp-image-512\" alt=\"\" \/>\t\t\t\t\t\t\t\t<\/a>\n\t\t\t\t\t\t\t\t\t\t\t\t\t\t\t<\/div>\n\t\t\t\t<\/div>\n\t\t\t\t\t<\/div>\n\t\t<\/div>\n\t\t\t\t<div class=\"elementor-column elementor-col-16 elementor-top-column elementor-element elementor-element-41f5cc4 ot-flex-column-vertical\" data-id=\"41f5cc4\" data-element_type=\"column\">\n\t\t\t<div class=\"elementor-widget-wrap elementor-element-populated\">\n\t\t\t\t\t\t<div class=\"elementor-element elementor-element-f1eb008 elementor-widget elementor-widget-image\" data-id=\"f1eb008\" data-element_type=\"widget\" data-widget_type=\"image.default\">\n\t\t\t\t<div class=\"elementor-widget-container\">\n\t\t\t\t\t\t\t\t\t\t\t\t\t\t\t\t<a href=\"\/demir\/kosebent-agirlik-hesaplama\/\">\n\t\t\t\t\t\t\t<img loading=\"lazy\" decoding=\"async\" width=\"238\" height=\"224\" src=\"https:\/\/torunmuhendislik.com.tr\/demir\/wp-content\/uploads\/sites\/3\/2023\/01\/kosebent-agir.jpg\" class=\"attachment-large size-large wp-image-513\" alt=\"\" \/>\t\t\t\t\t\t\t\t<\/a>\n\t\t\t\t\t\t\t\t\t\t\t\t\t\t\t<\/div>\n\t\t\t\t<\/div>\n\t\t\t\t\t<\/div>\n\t\t<\/div>\n\t\t\t\t<div class=\"elementor-column elementor-col-16 elementor-top-column elementor-element elementor-element-38d8311 ot-flex-column-vertical\" data-id=\"38d8311\" data-element_type=\"column\">\n\t\t\t<div class=\"elementor-widget-wrap elementor-element-populated\">\n\t\t\t\t\t\t<div class=\"elementor-element elementor-element-15ead9b elementor-widget elementor-widget-image\" data-id=\"15ead9b\" data-element_type=\"widget\" data-widget_type=\"image.default\">\n\t\t\t\t<div class=\"elementor-widget-container\">\n\t\t\t\t\t\t\t\t\t\t\t\t\t\t\t\t<a href=\"\/demir\/sac-levha-agirlik-hesaplama\/\">\n\t\t\t\t\t\t\t<img loading=\"lazy\" decoding=\"async\" width=\"238\" height=\"224\" src=\"https:\/\/torunmuhendislik.com.tr\/demir\/wp-content\/uploads\/sites\/3\/2023\/01\/sac-levha.jpg\" class=\"attachment-large size-large wp-image-515\" alt=\"\" \/>\t\t\t\t\t\t\t\t<\/a>\n\t\t\t\t\t\t\t\t\t\t\t\t\t\t\t<\/div>\n\t\t\t\t<\/div>\n\t\t\t\t\t<\/div>\n\t\t<\/div>\n\t\t\t\t\t<\/div>\n\t\t<\/section>\n\t\t\t\t<section class=\"elementor-section elementor-top-section elementor-element elementor-element-d5d9db2 elementor-section-boxed elementor-section-height-default elementor-section-height-default\" data-id=\"d5d9db2\" data-element_type=\"section\">\n\t\t\t\t\t\t<div class=\"elementor-container elementor-column-gap-default\">\n\t\t\t\t\t<div class=\"elementor-column elementor-col-100 elementor-top-column elementor-element elementor-element-e9dea8b ot-flex-column-vertical\" data-id=\"e9dea8b\" data-element_type=\"column\">\n\t\t\t<div class=\"elementor-widget-wrap elementor-element-populated\">\n\t\t\t\t\t\t<section class=\"elementor-section elementor-inner-section elementor-element elementor-element-590970b elementor-section-boxed elementor-section-height-default elementor-section-height-default\" data-id=\"590970b\" data-element_type=\"section\" data-settings=\"{&quot;background_background&quot;:&quot;classic&quot;}\">\n\t\t\t\t\t\t<div class=\"elementor-container elementor-column-gap-default\">\n\t\t\t\t\t<div class=\"elementor-column elementor-col-100 elementor-inner-column elementor-element elementor-element-2830053 ot-flex-column-vertical\" data-id=\"2830053\" data-element_type=\"column\">\n\t\t\t<div class=\"elementor-widget-wrap elementor-element-populated\">\n\t\t\t\t\t\t<div class=\"elementor-element elementor-element-e0e97d2 elementor-widget elementor-widget-heading\" data-id=\"e0e97d2\" data-element_type=\"widget\" data-widget_type=\"heading.default\">\n\t\t\t\t<div class=\"elementor-widget-container\">\n\t\t\t\t\t<h3 class=\"elementor-heading-title elementor-size-default\">Sa\u00e7 Levha A\u011f\u0131rl\u0131k Hesaplama\n<\/h3>\t\t\t\t<\/div>\n\t\t\t\t<\/div>\n\t\t\t\t<div class=\"elementor-element elementor-element-ec8845a elementor-widget elementor-widget-html\" data-id=\"ec8845a\" data-element_type=\"widget\" data-widget_type=\"html.default\">\n\t\t\t\t<div class=\"elementor-widget-container\">\n\t\t\t\t\t<script src=\"https:\/\/cdnjs.cloudflare.com\/ajax\/libs\/jquery\/3.6.3\/jquery.min.js\" integrity=\"sha512-STof4xm1wgkfm7heWqFJVn58Hm3EtS31XFaagaa8VMReCXAkQnJZ+jEy8PCC\/iT18dFy95WcExNHFTqLyp72eQ==\" crossorigin=\"anonymous\" referrerpolicy=\"no-referrer\"><\/script>\t\t\t\t<\/div>\n\t\t\t\t<\/div>\n\t\t\t\t\t<\/div>\n\t\t<\/div>\n\t\t\t\t\t<\/div>\n\t\t<\/section>\n\t\t\t\t\t<\/div>\n\t\t<\/div>\n\t\t\t\t\t<\/div>\n\t\t<\/section>\n\t\t\t\t<article class=\"elementor-section elementor-top-section elementor-element elementor-element-4474dce elementor-section-boxed elementor-section-height-default elementor-section-height-default\" data-id=\"4474dce\" data-element_type=\"section\">\n\t\t\t\t\t\t<div class=\"elementor-container elementor-column-gap-wide\">\n\t\t\t\t\t<div class=\"elementor-column elementor-col-50 elementor-top-column elementor-element elementor-element-ac7c407 ot-flex-column-vertical\" data-id=\"ac7c407\" data-element_type=\"column\">\n\t\t\t<div class=\"elementor-widget-wrap elementor-element-populated\">\n\t\t\t\t\t\t<section class=\"elementor-section elementor-inner-section elementor-element elementor-element-e340621 elementor-section-boxed elementor-section-height-default elementor-section-height-default\" data-id=\"e340621\" data-element_type=\"section\" data-settings=\"{&quot;background_background&quot;:&quot;classic&quot;}\">\n\t\t\t\t\t\t<div class=\"elementor-container elementor-column-gap-default\">\n\t\t\t\t\t<div class=\"elementor-column elementor-col-100 elementor-inner-column elementor-element elementor-element-95bb5fb ot-flex-column-vertical\" data-id=\"95bb5fb\" data-element_type=\"column\">\n\t\t\t<div class=\"elementor-widget-wrap elementor-element-populated\">\n\t\t\t\t\t\t<div class=\"elementor-element elementor-element-f7e4c30 elementor-widget elementor-widget-heading\" data-id=\"f7e4c30\" data-element_type=\"widget\" data-widget_type=\"heading.default\">\n\t\t\t\t<div class=\"elementor-widget-container\">\n\t\t\t\t\t<h3 class=\"elementor-heading-title elementor-size-default\">Hesaplama Verileri<\/h3>\t\t\t\t<\/div>\n\t\t\t\t<\/div>\n\t\t\t\t\t<\/div>\n\t\t<\/div>\n\t\t\t\t\t<\/div>\n\t\t<\/section>\n\t\t\t\t<section class=\"elementor-section elementor-inner-section elementor-element elementor-element-15a5046 elementor-section-boxed elementor-section-height-default elementor-section-height-default\" data-id=\"15a5046\" data-element_type=\"section\">\n\t\t\t\t\t\t<div class=\"elementor-container elementor-column-gap-default\">\n\t\t\t\t\t<div class=\"elementor-column elementor-col-50 elementor-inner-column elementor-element elementor-element-5440f8a ot-column-items-center ot-flex-column-vertical\" data-id=\"5440f8a\" data-element_type=\"column\">\n\t\t\t<div class=\"elementor-widget-wrap elementor-element-populated\">\n\t\t\t\t\t\t<div class=\"elementor-element elementor-element-f85cc37 elementor-widget elementor-widget-heading\" data-id=\"f85cc37\" data-element_type=\"widget\" data-widget_type=\"heading.default\">\n\t\t\t\t<div class=\"elementor-widget-container\">\n\t\t\t\t\t<p class=\"elementor-heading-title elementor-size-default\">Sac\u0131n A Kenar\u0131\t<\/p>\t\t\t\t<\/div>\n\t\t\t\t<\/div>\n\t\t\t\t\t<\/div>\n\t\t<\/div>\n\t\t\t\t<div class=\"elementor-column elementor-col-50 elementor-inner-column elementor-element elementor-element-b098a83 ot-flex-column-vertical\" data-id=\"b098a83\" data-element_type=\"column\">\n\t\t\t<div class=\"elementor-widget-wrap elementor-element-populated\">\n\t\t\t\t\t\t<div class=\"elementor-element elementor-element-8442419 elementor-widget elementor-widget-html\" data-id=\"8442419\" data-element_type=\"widget\" data-widget_type=\"html.default\">\n\t\t\t\t<div class=\"elementor-widget-container\">\n\t\t\t\t\t<input style=\"width:100%\" type=\"text\" onkeyup=\"karakterfiltre(this);\" maxlength=\"6\" name=\"sacin_a_kenari\" id=\"id_sacin_a_kenari\">\n\n\n\n\t\t\t\t<\/div>\n\t\t\t\t<\/div>\n\t\t\t\t\t<\/div>\n\t\t<\/div>\n\t\t\t\t\t<\/div>\n\t\t<\/section>\n\t\t\t\t<section class=\"elementor-section elementor-inner-section elementor-element elementor-element-f1a74b8 elementor-section-boxed elementor-section-height-default elementor-section-height-default\" data-id=\"f1a74b8\" data-element_type=\"section\">\n\t\t\t\t\t\t<div class=\"elementor-container elementor-column-gap-default\">\n\t\t\t\t\t<div class=\"elementor-column elementor-col-50 elementor-inner-column elementor-element elementor-element-7ee3181 ot-column-items-center ot-flex-column-vertical\" data-id=\"7ee3181\" data-element_type=\"column\">\n\t\t\t<div class=\"elementor-widget-wrap elementor-element-populated\">\n\t\t\t\t\t\t<div class=\"elementor-element elementor-element-60f66fd elementor-widget elementor-widget-heading\" data-id=\"60f66fd\" data-element_type=\"widget\" data-widget_type=\"heading.default\">\n\t\t\t\t<div class=\"elementor-widget-container\">\n\t\t\t\t\t<p class=\"elementor-heading-title elementor-size-default\">Sac\u0131n B Kenar\u0131\t<\/p>\t\t\t\t<\/div>\n\t\t\t\t<\/div>\n\t\t\t\t\t<\/div>\n\t\t<\/div>\n\t\t\t\t<div class=\"elementor-column elementor-col-50 elementor-inner-column elementor-element elementor-element-69a850e ot-flex-column-vertical\" data-id=\"69a850e\" data-element_type=\"column\">\n\t\t\t<div class=\"elementor-widget-wrap elementor-element-populated\">\n\t\t\t\t\t\t<div class=\"elementor-element elementor-element-8d6a030 elementor-widget elementor-widget-html\" data-id=\"8d6a030\" data-element_type=\"widget\" data-widget_type=\"html.default\">\n\t\t\t\t<div class=\"elementor-widget-container\">\n\t\t\t\t\t<input style=\"width:100%\" type=\"text\" onkeyup=\"karakterfiltre(this);\" maxlength=\"6\" name=\"sacin_b_kenari\"  id=\"id_sacin_b_kenari\">\t\t\t\t<\/div>\n\t\t\t\t<\/div>\n\t\t\t\t\t<\/div>\n\t\t<\/div>\n\t\t\t\t\t<\/div>\n\t\t<\/section>\n\t\t\t\t<section class=\"elementor-section elementor-inner-section elementor-element elementor-element-fc7eba5 elementor-section-boxed elementor-section-height-default elementor-section-height-default\" data-id=\"fc7eba5\" data-element_type=\"section\">\n\t\t\t\t\t\t<div class=\"elementor-container elementor-column-gap-default\">\n\t\t\t\t\t<div class=\"elementor-column elementor-col-50 elementor-inner-column elementor-element elementor-element-08d7272 ot-column-items-center ot-flex-column-vertical\" data-id=\"08d7272\" data-element_type=\"column\">\n\t\t\t<div class=\"elementor-widget-wrap elementor-element-populated\">\n\t\t\t\t\t\t<div class=\"elementor-element elementor-element-2c3c41b elementor-widget elementor-widget-heading\" data-id=\"2c3c41b\" data-element_type=\"widget\" data-widget_type=\"heading.default\">\n\t\t\t\t<div class=\"elementor-widget-container\">\n\t\t\t\t\t<p class=\"elementor-heading-title elementor-size-default\">Et Kal\u0131nl\u0131\u011f\u0131 (t)\t<\/p>\t\t\t\t<\/div>\n\t\t\t\t<\/div>\n\t\t\t\t\t<\/div>\n\t\t<\/div>\n\t\t\t\t<div class=\"elementor-column elementor-col-50 elementor-inner-column elementor-element elementor-element-506da6e ot-flex-column-vertical\" data-id=\"506da6e\" data-element_type=\"column\">\n\t\t\t<div class=\"elementor-widget-wrap elementor-element-populated\">\n\t\t\t\t\t\t<div class=\"elementor-element elementor-element-76bf401 elementor-widget elementor-widget-html\" data-id=\"76bf401\" data-element_type=\"widget\" data-widget_type=\"html.default\">\n\t\t\t\t<div class=\"elementor-widget-container\">\n\t\t\t\t\t<input style=\"width:100%\" type=\"text\" onkeyup=\"karakterfiltre(this);\" maxlength=\"4\" name=\"et_kalinligi\" id=\"id_sac_kalinligi\">\t\t\t\t<\/div>\n\t\t\t\t<\/div>\n\t\t\t\t\t<\/div>\n\t\t<\/div>\n\t\t\t\t\t<\/div>\n\t\t<\/section>\n\t\t\t\t<div class=\"elementor-element elementor-element-f867c0d elementor-widget__width-auto elementor-widget elementor-widget-html\" data-id=\"f867c0d\" data-element_type=\"widget\" data-widget_type=\"html.default\">\n\t\t\t\t<div class=\"elementor-widget-container\">\n\t\t\t\t\t<input style=\"padding-top: 10px;\r\n   padding-bottom: 10px;\r\n   padding-right: 40px;\r\n   padding-left: 40px;\r\n   background-color: #F0F0F0;\r\n   font-size: 20px;\r\n   color: #042038;\r\n   border:none;\r\n   \r\n   \" class=\"bbContactFormButton\" id=\"hesapla_butonu\" name=\"uploadbutton\"  onclick=\"calc_sac()\" type=\"button\" value=\"Hesapla\">\t\t\t\t<\/div>\n\t\t\t\t<\/div>\n\t\t\t\t\t<\/div>\n\t\t<\/div>\n\t\t\t\t<div class=\"elementor-column elementor-col-50 elementor-top-column elementor-element elementor-element-c0ccb32 ot-flex-column-vertical\" data-id=\"c0ccb32\" data-element_type=\"column\">\n\t\t\t<div class=\"elementor-widget-wrap elementor-element-populated\">\n\t\t\t\t\t\t<div class=\"elementor-element elementor-element-5d901ac elementor-widget elementor-widget-image\" data-id=\"5d901ac\" data-element_type=\"widget\" data-widget_type=\"image.default\">\n\t\t\t\t<div class=\"elementor-widget-container\">\n\t\t\t\t\t\t\t\t\t\t\t\t\t\t\t<img loading=\"lazy\" decoding=\"async\" width=\"285\" height=\"248\" src=\"https:\/\/torunmuhendislik.com.tr\/demir\/wp-content\/uploads\/sites\/3\/2023\/01\/222.jpg\" class=\"attachment-large size-large wp-image-595\" alt=\"\" \/>\t\t\t\t\t\t\t\t\t\t\t\t\t\t\t<\/div>\n\t\t\t\t<\/div>\n\t\t\t\t<section class=\"elementor-section elementor-inner-section elementor-element elementor-element-56d51d9 elementor-section-boxed elementor-section-height-default elementor-section-height-default\" data-id=\"56d51d9\" data-element_type=\"section\" data-settings=\"{&quot;background_background&quot;:&quot;classic&quot;}\">\n\t\t\t\t\t\t<div class=\"elementor-container elementor-column-gap-default\">\n\t\t\t\t\t<div class=\"elementor-column elementor-col-100 elementor-inner-column elementor-element elementor-element-2327545 ot-flex-column-vertical\" data-id=\"2327545\" data-element_type=\"column\">\n\t\t\t<div class=\"elementor-widget-wrap elementor-element-populated\">\n\t\t\t\t\t\t<div class=\"elementor-element elementor-element-51e9384 elementor-widget elementor-widget-html\" data-id=\"51e9384\" data-element_type=\"widget\" data-widget_type=\"html.default\">\n\t\t\t\t<div class=\"elementor-widget-container\">\n\t\t\t\t\t<div style=\" text-align: center; color:#042038; font-size:20px;\" class=\"sonucboy\" id=\"profil_boyu_graf_ana\">Boy <b id=\"profil_boyu_graf\">1000<\/b> <b><span id=\"profil_boyu_olcu_turu_graf\">metre<\/span><\/b><\/div>\t\t\t\t<\/div>\n\t\t\t\t<\/div>\n\t\t\t\t\t<\/div>\n\t\t<\/div>\n\t\t\t\t\t<\/div>\n\t\t<\/section>\n\t\t\t\t<section class=\"elementor-section elementor-inner-section elementor-element elementor-element-d586754 elementor-section-boxed elementor-section-height-default elementor-section-height-default\" data-id=\"d586754\" data-element_type=\"section\" data-settings=\"{&quot;background_background&quot;:&quot;classic&quot;}\">\n\t\t\t\t\t\t<div class=\"elementor-container elementor-column-gap-default\">\n\t\t\t\t\t<div class=\"elementor-column elementor-col-100 elementor-inner-column elementor-element elementor-element-772eebe ot-flex-column-vertical\" data-id=\"772eebe\" data-element_type=\"column\">\n\t\t\t<div class=\"elementor-widget-wrap elementor-element-populated\">\n\t\t\t\t\t\t<div class=\"elementor-element elementor-element-b81fae3 elementor-widget elementor-widget-html\" data-id=\"b81fae3\" data-element_type=\"widget\" data-widget_type=\"html.default\">\n\t\t\t\t<div class=\"elementor-widget-container\">\n\t\t\t\t\t<div style=\" text-align: center; color:#042038; font-size:20px; font-weight:700 ;\" class=\"sonuc\">Sonu\u00e7  <b id=\"kosebent_hesaplama\"><\/b><\/div>\t\t\t\t<\/div>\n\t\t\t\t<\/div>\n\t\t\t\t\t<\/div>\n\t\t<\/div>\n\t\t\t\t\t<\/div>\n\t\t<\/section>\n\t\t\t\t\t<\/div>\n\t\t<\/div>\n\t\t\t\t\t<\/div>\n\t\t<\/article>\n\t\t\t\t<section class=\"elementor-section elementor-top-section elementor-element elementor-element-b0db264 elementor-section-boxed elementor-section-height-default elementor-section-height-default\" data-id=\"b0db264\" data-element_type=\"section\">\n\t\t\t\t\t\t<div class=\"elementor-container elementor-column-gap-default\">\n\t\t\t\t\t<div class=\"elementor-column elementor-col-100 elementor-top-column elementor-element elementor-element-486841a ot-flex-column-vertical\" data-id=\"486841a\" data-element_type=\"column\">\n\t\t\t<div class=\"elementor-widget-wrap elementor-element-populated\">\n\t\t\t\t\t\t<div class=\"elementor-element elementor-element-b28e529 elementor-widget elementor-widget-html\" data-id=\"b28e529\" data-element_type=\"widget\" data-widget_type=\"html.default\">\n\t\t\t\t<div class=\"elementor-widget-container\">\n\t\t\t\t\t<script type=\"text\/javascript\">\n    \n\n\nfunction calc_sac() {\n        var pKalinlik = document.getElementById(\"id_sac_kalinligi\").value;\n        var pEn = document.getElementById(\"id_sacin_a_kenari\").value;\n        var pBoy = document.getElementById(\"id_sacin_b_kenari\").value;\n        var pSabit = 2.71;\n\n        var AgirlikHesap_Sonuc = ((pKalinlik \/ 10) * (pEn \/ 10) * (pBoy \/ 10) * pSabit) \/ 1000 ;\n       \n        AgirlikHesap_Sonuc=AgirlikHesap_Sonuc.toFixed(2); \/\/ virg\u00c3\u00bclden sonra 2 hane yuvarla\n\t\t$('#kosebent_hesaplama').html(AgirlikHesap_Sonuc + \" Kg\");\n    }\n        \n        setInterval(function () {\n            \n               var profil_boyu = $(\"#id_sac_kalinligi\").val();\n            $(\"#profil_boyu_graf\").text(profil_boyu);\n            \n        }, 1000);\n\n\n    \n<\/script>\t\t\t\t<\/div>\n\t\t\t\t<\/div>\n\t\t\t\t\t<\/div>\n\t\t<\/div>\n\t\t\t\t\t<\/div>\n\t\t<\/section>\n\t\t\t\t<\/div>\n\t\t","protected":false},"excerpt":{"rendered":"<p>Sa\u00e7 Levha A\u011f\u0131rl\u0131k Hesaplama Hesaplama Verileri Sac\u0131n A Kenar\u0131 Sac\u0131n B Kenar\u0131 Et Kal\u0131nl\u0131\u011f\u0131 (t) Boy 1000 metre Sonu\u00e7<\/p>\n","protected":false},"author":1,"featured_media":0,"parent":0,"menu_order":0,"comment_status":"closed","ping_status":"closed","template":"","meta":{"footnotes":""},"class_list":["post-606","page","type-page","status-publish","hentry"],"_links":{"self":[{"href":"https:\/\/torunmuhendislik.com.tr\/demir\/wp-json\/wp\/v2\/pages\/606","targetHints":{"allow":["GET"]}}],"collection":[{"href":"https:\/\/torunmuhendislik.com.tr\/demir\/wp-json\/wp\/v2\/pages"}],"about":[{"href":"https:\/\/torunmuhendislik.com.tr\/demir\/wp-json\/wp\/v2\/types\/page"}],"author":[{"embeddable":true,"href":"https:\/\/torunmuhendislik.com.tr\/demir\/wp-json\/wp\/v2\/users\/1"}],"replies":[{"embeddable":true,"href":"https:\/\/torunmuhendislik.com.tr\/demir\/wp-json\/wp\/v2\/comments?post=606"}],"version-history":[{"count":7,"href":"https:\/\/torunmuhendislik.com.tr\/demir\/wp-json\/wp\/v2\/pages\/606\/revisions"}],"predecessor-version":[{"id":637,"href":"https:\/\/torunmuhendislik.com.tr\/demir\/wp-json\/wp\/v2\/pages\/606\/revisions\/637"}],"wp:attachment":[{"href":"https:\/\/torunmuhendislik.com.tr\/demir\/wp-json\/wp\/v2\/media?parent=606"}],"curies":[{"name":"wp","href":"https:\/\/api.w.org\/{rel}","templated":true}]}}