{"id":300,"date":"2023-01-04T16:25:12","date_gmt":"2023-01-04T13:25:12","guid":{"rendered":"http:\/\/torunmuhendislik.com.tr\/demir\/?post_type=product&#038;p=300"},"modified":"2023-01-04T17:25:27","modified_gmt":"2023-01-04T14:25:27","slug":"kosebent","status":"publish","type":"product","link":"https:\/\/torunmuhendislik.com.tr\/demir\/urun\/kosebent\/","title":{"rendered":"K\u00f6\u015febent"},"content":{"rendered":"<p>K\u00f6\u015febent; genellikle \u00e7elik konstr\u00fcksiyon yap\u0131lar\u0131n ana ta\u015f\u0131y\u0131c\u0131lar\u0131n\u0131n ba\u011flant\u0131lar\u0131n\u0131 ger\u00e7ekle\u015ftirme g\u00f6revini \u00fcstlenen \u00fcr\u00fcnd\u00fcr. Di\u011fer yandan demir do\u011frama i\u015flerinde ve daha bir\u00e7ok sekt\u00f6rde s\u0131kl\u0131kla kullan\u0131l\u0131r.<\/p>\n","protected":false},"excerpt":{"rendered":"<p>K\u00f6\u015febent; genellikle \u00e7elik konstr\u00fcksiyon yap\u0131lar\u0131n ana ta\u015f\u0131y\u0131c\u0131lar\u0131n\u0131n ba\u011flant\u0131lar\u0131n\u0131 ger\u00e7ekle\u015ftirme g\u00f6revini \u00fcstlenen \u00fcr\u00fcnd\u00fcr. Di\u011fer yandan demir do\u011frama i\u015flerinde ve daha bir\u00e7ok sekt\u00f6rde s\u0131kl\u0131kla kullan\u0131l\u0131r.<\/p>\n","protected":false},"featured_media":302,"comment_status":"open","ping_status":"closed","template":"","meta":[],"product_brand":[],"product_cat":[23],"product_tag":[],"class_list":{"0":"post-300","1":"product","2":"type-product","3":"status-publish","4":"has-post-thumbnail","6":"product_cat-celik-yapi-profilleri","8":"first","9":"instock","10":"shipping-taxable","11":"product-type-variable"},"_links":{"self":[{"href":"https:\/\/torunmuhendislik.com.tr\/demir\/wp-json\/wp\/v2\/product\/300","targetHints":{"allow":["GET"]}}],"collection":[{"href":"https:\/\/torunmuhendislik.com.tr\/demir\/wp-json\/wp\/v2\/product"}],"about":[{"href":"https:\/\/torunmuhendislik.com.tr\/demir\/wp-json\/wp\/v2\/types\/product"}],"replies":[{"embeddable":true,"href":"https:\/\/torunmuhendislik.com.tr\/demir\/wp-json\/wp\/v2\/comments?post=300"}],"wp:featuredmedia":[{"embeddable":true,"href":"https:\/\/torunmuhendislik.com.tr\/demir\/wp-json\/wp\/v2\/media\/302"}],"wp:attachment":[{"href":"https:\/\/torunmuhendislik.com.tr\/demir\/wp-json\/wp\/v2\/media?parent=300"}],"wp:term":[{"taxonomy":"product_brand","embeddable":true,"href":"https:\/\/torunmuhendislik.com.tr\/demir\/wp-json\/wp\/v2\/product_brand?post=300"},{"taxonomy":"product_cat","embeddable":true,"href":"https:\/\/torunmuhendislik.com.tr\/demir\/wp-json\/wp\/v2\/product_cat?post=300"},{"taxonomy":"product_tag","embeddable":true,"href":"https:\/\/torunmuhendislik.com.tr\/demir\/wp-json\/wp\/v2\/product_tag?post=300"}],"curies":[{"name":"wp","href":"https:\/\/api.w.org\/{rel}","templated":true}]}}