{"id":457,"date":"2023-01-03T16:15:22","date_gmt":"2023-01-03T13:15:22","guid":{"rendered":"http:\/\/torunmuhendislik.com.tr\/insaat\/?page_id=457"},"modified":"2023-01-04T17:59:48","modified_gmt":"2023-01-04T14:59:48","slug":"gunas-apartmani","status":"publish","type":"page","link":"https:\/\/torunmuhendislik.com.tr\/insaat\/projeler\/gunas-apartmani\/","title":{"rendered":"G\u00fcnas Apartman\u0131"},"content":{"rendered":"\t\t<div data-elementor-type=\"wp-page\" data-elementor-id=\"457\" class=\"elementor elementor-457\">\n\t\t\t\t\t\t<section class=\"elementor-section elementor-top-section elementor-element elementor-element-ad0becc elementor-section-boxed elementor-section-height-default elementor-section-height-default\" data-id=\"ad0becc\" data-element_type=\"section\" data-settings=\"{&quot;background_background&quot;:&quot;classic&quot;}\">\n\t\t\t\t\t\t<div class=\"elementor-container elementor-column-gap-default\">\n\t\t\t\t\t<div class=\"elementor-column elementor-col-33 elementor-top-column elementor-element elementor-element-1cf2aa2 ot-flex-column-vertical\" data-id=\"1cf2aa2\" data-element_type=\"column\">\n\t\t\t<div class=\"elementor-widget-wrap\">\n\t\t\t\t\t\t\t<\/div>\n\t\t<\/div>\n\t\t\t\t<div class=\"elementor-column elementor-col-33 elementor-top-column elementor-element elementor-element-abd9023 ot-flex-column-vertical\" data-id=\"abd9023\" data-element_type=\"column\" data-settings=\"{&quot;background_background&quot;:&quot;classic&quot;}\">\n\t\t\t<div class=\"elementor-widget-wrap elementor-element-populated\">\n\t\t\t\t\t\t<div class=\"elementor-element elementor-element-9246eb7 elementor-widget elementor-widget-image\" data-id=\"9246eb7\" data-element_type=\"widget\" data-widget_type=\"image.default\">\n\t\t\t\t<div class=\"elementor-widget-container\">\n\t\t\t\t\t\t\t\t\t\t\t\t\t\t\t<img fetchpriority=\"high\" decoding=\"async\" width=\"622\" height=\"673\" src=\"https:\/\/torunmuhendislik.com.tr\/insaat\/wp-content\/uploads\/sites\/2\/2023\/01\/o_gunas-apartmani.jpg\" class=\"attachment-large size-large wp-image-459\" alt=\"\" srcset=\"https:\/\/torunmuhendislik.com.tr\/insaat\/wp-content\/uploads\/sites\/2\/2023\/01\/o_gunas-apartmani.jpg 622w, https:\/\/torunmuhendislik.com.tr\/insaat\/wp-content\/uploads\/sites\/2\/2023\/01\/o_gunas-apartmani-277x300.jpg 277w\" sizes=\"(max-width: 622px) 100vw, 622px\" \/>\t\t\t\t\t\t\t\t\t\t\t\t\t\t\t<\/div>\n\t\t\t\t<\/div>\n\t\t\t\t\t<\/div>\n\t\t<\/div>\n\t\t\t\t<div class=\"elementor-column elementor-col-33 elementor-top-column elementor-element elementor-element-c839bce ot-flex-column-vertical\" data-id=\"c839bce\" data-element_type=\"column\">\n\t\t\t<div class=\"elementor-widget-wrap\">\n\t\t\t\t\t\t\t<\/div>\n\t\t<\/div>\n\t\t\t\t\t<\/div>\n\t\t<\/section>\n\t\t\t\t<section class=\"elementor-section elementor-top-section elementor-element elementor-element-f2894b1 elementor-section-boxed elementor-section-height-default elementor-section-height-default\" data-id=\"f2894b1\" data-element_type=\"section\">\n\t\t\t\t\t\t<div class=\"elementor-container elementor-column-gap-default\">\n\t\t\t\t\t<div class=\"jet-sticky-column-sticky elementor-column elementor-col-50 elementor-top-column elementor-element elementor-element-12c00f1 ot-flex-column-vertical\" data-jet-sticky-column-settings=\"{&quot;id&quot;:&quot;12c00f1&quot;,&quot;sticky&quot;:true,&quot;topSpacing&quot;:50,&quot;bottomSpacing&quot;:50,&quot;stickyOn&quot;:[&quot;desktop&quot;,&quot;tablet&quot;]}\" data-id=\"12c00f1\" data-element_type=\"column\">\n\t\t\t<div class=\"elementor-widget-wrap elementor-element-populated\">\n\t\t\t\t\t\t<section class=\"elementor-section elementor-inner-section elementor-element elementor-element-543e3ea elementor-section-boxed elementor-section-height-default elementor-section-height-default\" data-id=\"543e3ea\" data-element_type=\"section\">\n\t\t\t\t\t\t<div class=\"elementor-container elementor-column-gap-default\">\n\t\t\t\t\t<div class=\"elementor-column elementor-col-100 elementor-inner-column elementor-element elementor-element-cbba651 ot-flex-column-vertical\" data-id=\"cbba651\" data-element_type=\"column\">\n\t\t\t<div class=\"elementor-widget-wrap elementor-element-populated\">\n\t\t\t\t\t\t<div class=\"elementor-element elementor-element-0f25772 elementor-icon-list--layout-traditional elementor-list-item-link-full_width elementor-widget elementor-widget-icon-list\" data-id=\"0f25772\" data-element_type=\"widget\" data-widget_type=\"icon-list.default\">\n\t\t\t\t<div class=\"elementor-widget-container\">\n\t\t\t\t\t\t\t<ul class=\"elementor-icon-list-items\">\n\t\t\t\t\t\t\t<li class=\"elementor-icon-list-item\">\n\t\t\t\t\t\t\t\t\t\t\t<a href=\"#bilgi\">\n\n\t\t\t\t\t\t\t\t\t\t\t\t<span class=\"elementor-icon-list-icon\">\n\t\t\t\t\t\t\t<i aria-hidden=\"true\" class=\"far fa-arrow-alt-circle-right\"><\/i>\t\t\t\t\t\t<\/span>\n\t\t\t\t\t\t\t\t\t\t<span class=\"elementor-icon-list-text\">B\u0130LG\u0130<\/span>\n\t\t\t\t\t\t\t\t\t\t\t<\/a>\n\t\t\t\t\t\t\t\t\t<\/li>\n\t\t\t\t\t\t\t\t<li class=\"elementor-icon-list-item\">\n\t\t\t\t\t\t\t\t\t\t\t<a href=\"#proje-detayi\">\n\n\t\t\t\t\t\t\t\t\t\t\t\t<span class=\"elementor-icon-list-icon\">\n\t\t\t\t\t\t\t<i aria-hidden=\"true\" class=\"far fa-arrow-alt-circle-right\"><\/i>\t\t\t\t\t\t<\/span>\n\t\t\t\t\t\t\t\t\t\t<span class=\"elementor-icon-list-text\">PROJE DETAYLARI<\/span>\n\t\t\t\t\t\t\t\t\t\t\t<\/a>\n\t\t\t\t\t\t\t\t\t<\/li>\n\t\t\t\t\t\t\t\t<li class=\"elementor-icon-list-item\">\n\t\t\t\t\t\t\t\t\t\t\t<a href=\"#galeri\">\n\n\t\t\t\t\t\t\t\t\t\t\t\t<span class=\"elementor-icon-list-icon\">\n\t\t\t\t\t\t\t<i aria-hidden=\"true\" class=\"far fa-arrow-alt-circle-right\"><\/i>\t\t\t\t\t\t<\/span>\n\t\t\t\t\t\t\t\t\t\t<span class=\"elementor-icon-list-text\">GALER\u0130<\/span>\n\t\t\t\t\t\t\t\t\t\t\t<\/a>\n\t\t\t\t\t\t\t\t\t<\/li>\n\t\t\t\t\t\t\t\t<li class=\"elementor-icon-list-item\">\n\t\t\t\t\t\t\t\t\t\t\t<a href=\"#konum\">\n\n\t\t\t\t\t\t\t\t\t\t\t\t<span class=\"elementor-icon-list-icon\">\n\t\t\t\t\t\t\t<i aria-hidden=\"true\" class=\"far fa-arrow-alt-circle-right\"><\/i>\t\t\t\t\t\t<\/span>\n\t\t\t\t\t\t\t\t\t\t<span class=\"elementor-icon-list-text\">KONUM<\/span>\n\t\t\t\t\t\t\t\t\t\t\t<\/a>\n\t\t\t\t\t\t\t\t\t<\/li>\n\t\t\t\t\t\t<\/ul>\n\t\t\t\t\t\t<\/div>\n\t\t\t\t<\/div>\n\t\t\t\t<div class=\"elementor-element elementor-element-2e9257d elementor-widget elementor-widget-heading\" data-id=\"2e9257d\" data-element_type=\"widget\" data-widget_type=\"heading.default\">\n\t\t\t\t<div class=\"elementor-widget-container\">\n\t\t\t\t\t<h2 class=\"elementor-heading-title elementor-size-default\">\u0130leti\u015fime Ge\u00e7!<\/h2>\t\t\t\t<\/div>\n\t\t\t\t<\/div>\n\t\t\t\t<div class=\"elementor-element elementor-element-31a4153 elementor-align-center elementor-widget elementor-widget-button\" data-id=\"31a4153\" data-element_type=\"widget\" data-widget_type=\"button.default\">\n\t\t\t\t<div class=\"elementor-widget-container\">\n\t\t\t\t\t\t\t\t\t<div class=\"elementor-button-wrapper\">\n\t\t\t\t\t<a class=\"elementor-button elementor-button-link elementor-size-sm\" href=\"tel:03323519107\">\n\t\t\t\t\t\t<span class=\"elementor-button-content-wrapper\">\n\t\t\t\t\t\t<span class=\"elementor-button-icon\">\n\t\t\t\t<i aria-hidden=\"true\" class=\"fas fa-phone-alt\"><\/i>\t\t\t<\/span>\n\t\t\t\t\t\t\t\t\t<span class=\"elementor-button-text\">Hemen Ara<\/span>\n\t\t\t\t\t<\/span>\n\t\t\t\t\t<\/a>\n\t\t\t\t<\/div>\n\t\t\t\t\t\t\t\t<\/div>\n\t\t\t\t<\/div>\n\t\t\t\t\t<\/div>\n\t\t<\/div>\n\t\t\t\t\t<\/div>\n\t\t<\/section>\n\t\t\t\t\t<\/div>\n\t\t<\/div>\n\t\t\t\t<div class=\"elementor-column elementor-col-50 elementor-top-column elementor-element elementor-element-3bb29d4 ot-flex-column-vertical\" data-id=\"3bb29d4\" data-element_type=\"column\">\n\t\t\t<div class=\"elementor-widget-wrap elementor-element-populated\">\n\t\t\t\t\t\t<div class=\"elementor-element elementor-element-fd96216 elementor-widget elementor-widget-heading\" data-id=\"fd96216\" data-element_type=\"widget\" id=\"bilgi\" data-widget_type=\"heading.default\">\n\t\t\t\t<div class=\"elementor-widget-container\">\n\t\t\t\t\t<h2 class=\"elementor-heading-title elementor-size-default\">G\u00fcnas Apartman\u0131<\/h2>\t\t\t\t<\/div>\n\t\t\t\t<\/div>\n\t\t\t\t<div class=\"elementor-element elementor-element-ac0edf9 elementor-widget elementor-widget-heading\" data-id=\"ac0edf9\" data-element_type=\"widget\" id=\"proje-detayi\" data-widget_type=\"heading.default\">\n\t\t\t\t<div class=\"elementor-widget-container\">\n\t\t\t\t\t<h2 class=\"elementor-heading-title elementor-size-default\">PROJE DETAYLARI<\/h2>\t\t\t\t<\/div>\n\t\t\t\t<\/div>\n\t\t\t\t<section class=\"elementor-section elementor-inner-section elementor-element elementor-element-d59ea9d elementor-section-boxed elementor-section-height-default elementor-section-height-default\" data-id=\"d59ea9d\" data-element_type=\"section\">\n\t\t\t\t\t\t<div class=\"elementor-container elementor-column-gap-default\">\n\t\t\t\t\t<div class=\"elementor-column elementor-col-33 elementor-inner-column elementor-element elementor-element-e378556 ot-flex-column-vertical\" data-id=\"e378556\" data-element_type=\"column\">\n\t\t\t<div class=\"elementor-widget-wrap elementor-element-populated\">\n\t\t\t\t\t\t<div class=\"elementor-element elementor-element-e6ea26e box-s1 icon-left bline-no elementor-widget elementor-widget-iiconbox2\" data-id=\"e6ea26e\" data-element_type=\"widget\" data-widget_type=\"iiconbox2.default\">\n\t\t\t\t<div class=\"elementor-widget-container\">\n\t\t\t\t\t\t\t<div class=\"icon-box icon-box-2\">\n\t\t\t<div class=\"icon-main\">\n\t\t        <i aria-hidden=\"true\" class=\"fas fa-user\"><\/i>\t        <\/div>\n\t        <div class=\"content-box\">\n\t\t\t\t<h5 class=\"title-box\"><a href=\"#\">PROJE \u0130SM\u0130 :<\/a><\/h5>\t\t\t\t<p>G\u00fcnas Apartman\u0131<\/p>\t\t\t<\/div>\n\t    <\/div>\n\t    \t\t\t\t<\/div>\n\t\t\t\t<\/div>\n\t\t\t\t\t<\/div>\n\t\t<\/div>\n\t\t\t\t<div class=\"elementor-column elementor-col-33 elementor-inner-column elementor-element elementor-element-e1eee9c ot-flex-column-vertical\" data-id=\"e1eee9c\" data-element_type=\"column\">\n\t\t\t<div class=\"elementor-widget-wrap elementor-element-populated\">\n\t\t\t\t\t\t<div class=\"elementor-element elementor-element-4c00d9e box-s1 icon-left bline-no elementor-widget elementor-widget-iiconbox2\" data-id=\"4c00d9e\" data-element_type=\"widget\" data-widget_type=\"iiconbox2.default\">\n\t\t\t\t<div class=\"elementor-widget-container\">\n\t\t\t\t\t\t\t<div class=\"icon-box icon-box-2\">\n\t\t\t<div class=\"icon-main\">\n\t\t        <i aria-hidden=\"true\" class=\"far fa-clock\"><\/i>\t        <\/div>\n\t        <div class=\"content-box\">\n\t\t\t\t<h5 class=\"title-box\"><a href=\"#\">BA\u015eLAMA TAR\u0130H\u0130 :<\/a><\/h5>\t\t\t\t<p>2000<\/p>\t\t\t<\/div>\n\t    <\/div>\n\t    \t\t\t\t<\/div>\n\t\t\t\t<\/div>\n\t\t\t\t\t<\/div>\n\t\t<\/div>\n\t\t\t\t<div class=\"elementor-column elementor-col-33 elementor-inner-column elementor-element elementor-element-1b3b9a4 ot-flex-column-vertical\" data-id=\"1b3b9a4\" data-element_type=\"column\">\n\t\t\t<div class=\"elementor-widget-wrap elementor-element-populated\">\n\t\t\t\t\t\t<div class=\"elementor-element elementor-element-7952f08 box-s1 icon-left bline-no elementor-widget elementor-widget-iiconbox2\" data-id=\"7952f08\" data-element_type=\"widget\" data-widget_type=\"iiconbox2.default\">\n\t\t\t\t<div class=\"elementor-widget-container\">\n\t\t\t\t\t\t\t<div class=\"icon-box icon-box-2\">\n\t\t\t<div class=\"icon-main\">\n\t\t        <i aria-hidden=\"true\" class=\"far fa-clock\"><\/i>\t        <\/div>\n\t        <div class=\"content-box\">\n\t\t\t\t<h5 class=\"title-box\"><a href=\"#\">B\u0130T\u0130\u015e TAR\u0130H\u0130 :<\/a><\/h5>\t\t\t\t<p>2020<\/p>\t\t\t<\/div>\n\t    <\/div>\n\t    \t\t\t\t<\/div>\n\t\t\t\t<\/div>\n\t\t\t\t\t<\/div>\n\t\t<\/div>\n\t\t\t\t\t<\/div>\n\t\t<\/section>\n\t\t\t\t<section class=\"elementor-section elementor-inner-section elementor-element elementor-element-74d68a5 elementor-section-boxed elementor-section-height-default elementor-section-height-default\" data-id=\"74d68a5\" data-element_type=\"section\">\n\t\t\t\t\t\t<div class=\"elementor-container elementor-column-gap-default\">\n\t\t\t\t\t<div class=\"elementor-column elementor-col-33 elementor-inner-column elementor-element elementor-element-4608551 ot-flex-column-vertical\" data-id=\"4608551\" data-element_type=\"column\">\n\t\t\t<div class=\"elementor-widget-wrap elementor-element-populated\">\n\t\t\t\t\t\t<div class=\"elementor-element elementor-element-a7d3fae box-s1 icon-left bline-no elementor-widget elementor-widget-iiconbox2\" data-id=\"a7d3fae\" data-element_type=\"widget\" data-widget_type=\"iiconbox2.default\">\n\t\t\t\t<div class=\"elementor-widget-container\">\n\t\t\t\t\t\t\t<div class=\"icon-box icon-box-2\">\n\t\t\t<div class=\"icon-main\">\n\t\t        <i aria-hidden=\"true\" class=\"icon icon-home\"><\/i>\t        <\/div>\n\t        <div class=\"content-box\">\n\t\t\t\t<h5 class=\"title-box\"><a href=\"#\">DA\u0130RE SAYISI :<\/a><\/h5>\t\t\t\t<p>24<\/p>\t\t\t<\/div>\n\t    <\/div>\n\t    \t\t\t\t<\/div>\n\t\t\t\t<\/div>\n\t\t\t\t\t<\/div>\n\t\t<\/div>\n\t\t\t\t<div class=\"elementor-column elementor-col-33 elementor-inner-column elementor-element elementor-element-65aaf6a ot-flex-column-vertical\" data-id=\"65aaf6a\" data-element_type=\"column\">\n\t\t\t<div class=\"elementor-widget-wrap elementor-element-populated\">\n\t\t\t\t\t\t<div class=\"elementor-element elementor-element-a7601b0 box-s1 icon-left bline-no elementor-widget elementor-widget-iiconbox2\" data-id=\"a7601b0\" data-element_type=\"widget\" data-widget_type=\"iiconbox2.default\">\n\t\t\t\t<div class=\"elementor-widget-container\">\n\t\t\t\t\t\t\t<div class=\"icon-box icon-box-2\">\n\t\t\t<div class=\"icon-main\">\n\t\t        <i aria-hidden=\"true\" class=\"fas fa-door-closed\"><\/i>\t        <\/div>\n\t        <div class=\"content-box\">\n\t\t\t\t<h5 class=\"title-box\"><a href=\"#\">ODA SAYISI :<\/a><\/h5>\t\t\t\t<p>3+1<\/p>\t\t\t<\/div>\n\t    <\/div>\n\t    \t\t\t\t<\/div>\n\t\t\t\t<\/div>\n\t\t\t\t\t<\/div>\n\t\t<\/div>\n\t\t\t\t<div class=\"elementor-column elementor-col-33 elementor-inner-column elementor-element elementor-element-99b6737 ot-flex-column-vertical\" data-id=\"99b6737\" data-element_type=\"column\">\n\t\t\t<div class=\"elementor-widget-wrap\">\n\t\t\t\t\t\t\t<\/div>\n\t\t<\/div>\n\t\t\t\t\t<\/div>\n\t\t<\/section>\n\t\t\t\t<div class=\"elementor-element elementor-element-9d003f6 elementor-widget elementor-widget-heading\" data-id=\"9d003f6\" data-element_type=\"widget\" id=\"galeri\" data-widget_type=\"heading.default\">\n\t\t\t\t<div class=\"elementor-widget-container\">\n\t\t\t\t\t<h2 class=\"elementor-heading-title elementor-size-default\">Galeri<\/h2>\t\t\t\t<\/div>\n\t\t\t\t<\/div>\n\t\t\t\t<div class=\"elementor-element elementor-element-ce91eba elementor-widget elementor-widget-image-gallery\" data-id=\"ce91eba\" data-element_type=\"widget\" data-widget_type=\"image-gallery.default\">\n\t\t\t\t<div class=\"elementor-widget-container\">\n\t\t\t\t\t\t\t<div class=\"elementor-image-gallery\">\n\t\t\t<div id='gallery-1' class='gallery galleryid-457 gallery-columns-3 gallery-size-medium'><figure class='gallery-item'>\n\t\t\t<div class='gallery-icon landscape'>\n\t\t\t\t<a data-elementor-open-lightbox=\"yes\" data-elementor-lightbox-slideshow=\"ce91eba\" data-elementor-lightbox-title=\"1583912595_0\" data-e-action-hash=\"#elementor-action%3Aaction%3Dlightbox%26settings%3DeyJpZCI6NDYxLCJ1cmwiOiJodHRwczpcL1wvdG9ydW5tdWhlbmRpc2xpay5jb20udHJcL2luc2FhdFwvd3AtY29udGVudFwvdXBsb2Fkc1wvc2l0ZXNcLzJcLzIwMjNcLzAxXC8xNTgzOTEyNTk1XzAuanBnIiwic2xpZGVzaG93IjoiY2U5MWViYSJ9\" href='https:\/\/torunmuhendislik.com.tr\/insaat\/wp-content\/uploads\/sites\/2\/2023\/01\/1583912595_0.jpg'><img decoding=\"async\" width=\"300\" height=\"201\" src=\"https:\/\/torunmuhendislik.com.tr\/insaat\/wp-content\/uploads\/sites\/2\/2023\/01\/1583912595_0-300x201.jpg\" class=\"attachment-medium size-medium\" alt=\"\" srcset=\"https:\/\/torunmuhendislik.com.tr\/insaat\/wp-content\/uploads\/sites\/2\/2023\/01\/1583912595_0-300x201.jpg 300w, https:\/\/torunmuhendislik.com.tr\/insaat\/wp-content\/uploads\/sites\/2\/2023\/01\/1583912595_0-768x514.jpg 768w, https:\/\/torunmuhendislik.com.tr\/insaat\/wp-content\/uploads\/sites\/2\/2023\/01\/1583912595_0-600x400.jpg 600w, https:\/\/torunmuhendislik.com.tr\/insaat\/wp-content\/uploads\/sites\/2\/2023\/01\/1583912595_0.jpg 929w\" sizes=\"(max-width: 300px) 100vw, 300px\" \/><\/a>\n\t\t\t<\/div><\/figure><figure class='gallery-item'>\n\t\t\t<div class='gallery-icon landscape'>\n\t\t\t\t<a data-elementor-open-lightbox=\"yes\" data-elementor-lightbox-slideshow=\"ce91eba\" data-elementor-lightbox-title=\"1583912606_0\" data-e-action-hash=\"#elementor-action%3Aaction%3Dlightbox%26settings%3DeyJpZCI6NDYyLCJ1cmwiOiJodHRwczpcL1wvdG9ydW5tdWhlbmRpc2xpay5jb20udHJcL2luc2FhdFwvd3AtY29udGVudFwvdXBsb2Fkc1wvc2l0ZXNcLzJcLzIwMjNcLzAxXC8xNTgzOTEyNjA2XzAuanBnIiwic2xpZGVzaG93IjoiY2U5MWViYSJ9\" href='https:\/\/torunmuhendislik.com.tr\/insaat\/wp-content\/uploads\/sites\/2\/2023\/01\/1583912606_0.jpg'><img decoding=\"async\" width=\"300\" height=\"201\" src=\"https:\/\/torunmuhendislik.com.tr\/insaat\/wp-content\/uploads\/sites\/2\/2023\/01\/1583912606_0-300x201.jpg\" class=\"attachment-medium size-medium\" alt=\"\" srcset=\"https:\/\/torunmuhendislik.com.tr\/insaat\/wp-content\/uploads\/sites\/2\/2023\/01\/1583912606_0-300x201.jpg 300w, https:\/\/torunmuhendislik.com.tr\/insaat\/wp-content\/uploads\/sites\/2\/2023\/01\/1583912606_0-768x514.jpg 768w, https:\/\/torunmuhendislik.com.tr\/insaat\/wp-content\/uploads\/sites\/2\/2023\/01\/1583912606_0-600x400.jpg 600w, https:\/\/torunmuhendislik.com.tr\/insaat\/wp-content\/uploads\/sites\/2\/2023\/01\/1583912606_0.jpg 929w\" sizes=\"(max-width: 300px) 100vw, 300px\" \/><\/a>\n\t\t\t<\/div><\/figure><figure class='gallery-item'>\n\t\t\t<div class='gallery-icon landscape'>\n\t\t\t\t<a data-elementor-open-lightbox=\"yes\" data-elementor-lightbox-slideshow=\"ce91eba\" data-elementor-lightbox-title=\"1583912612_0\" data-e-action-hash=\"#elementor-action%3Aaction%3Dlightbox%26settings%3DeyJpZCI6NDYzLCJ1cmwiOiJodHRwczpcL1wvdG9ydW5tdWhlbmRpc2xpay5jb20udHJcL2luc2FhdFwvd3AtY29udGVudFwvdXBsb2Fkc1wvc2l0ZXNcLzJcLzIwMjNcLzAxXC8xNTgzOTEyNjEyXzAuanBnIiwic2xpZGVzaG93IjoiY2U5MWViYSJ9\" href='https:\/\/torunmuhendislik.com.tr\/insaat\/wp-content\/uploads\/sites\/2\/2023\/01\/1583912612_0.jpg'><img loading=\"lazy\" decoding=\"async\" width=\"300\" height=\"201\" src=\"https:\/\/torunmuhendislik.com.tr\/insaat\/wp-content\/uploads\/sites\/2\/2023\/01\/1583912612_0-300x201.jpg\" class=\"attachment-medium size-medium\" alt=\"\" srcset=\"https:\/\/torunmuhendislik.com.tr\/insaat\/wp-content\/uploads\/sites\/2\/2023\/01\/1583912612_0-300x201.jpg 300w, https:\/\/torunmuhendislik.com.tr\/insaat\/wp-content\/uploads\/sites\/2\/2023\/01\/1583912612_0-768x514.jpg 768w, https:\/\/torunmuhendislik.com.tr\/insaat\/wp-content\/uploads\/sites\/2\/2023\/01\/1583912612_0-600x400.jpg 600w, https:\/\/torunmuhendislik.com.tr\/insaat\/wp-content\/uploads\/sites\/2\/2023\/01\/1583912612_0.jpg 929w\" sizes=\"(max-width: 300px) 100vw, 300px\" \/><\/a>\n\t\t\t<\/div><\/figure><figure class='gallery-item'>\n\t\t\t<div class='gallery-icon landscape'>\n\t\t\t\t<a data-elementor-open-lightbox=\"yes\" data-elementor-lightbox-slideshow=\"ce91eba\" data-elementor-lightbox-title=\"1583912617_0\" data-e-action-hash=\"#elementor-action%3Aaction%3Dlightbox%26settings%3DeyJpZCI6NDY0LCJ1cmwiOiJodHRwczpcL1wvdG9ydW5tdWhlbmRpc2xpay5jb20udHJcL2luc2FhdFwvd3AtY29udGVudFwvdXBsb2Fkc1wvc2l0ZXNcLzJcLzIwMjNcLzAxXC8xNTgzOTEyNjE3XzAuanBnIiwic2xpZGVzaG93IjoiY2U5MWViYSJ9\" href='https:\/\/torunmuhendislik.com.tr\/insaat\/wp-content\/uploads\/sites\/2\/2023\/01\/1583912617_0.jpg'><img loading=\"lazy\" decoding=\"async\" width=\"300\" height=\"201\" src=\"https:\/\/torunmuhendislik.com.tr\/insaat\/wp-content\/uploads\/sites\/2\/2023\/01\/1583912617_0-300x201.jpg\" class=\"attachment-medium size-medium\" alt=\"\" srcset=\"https:\/\/torunmuhendislik.com.tr\/insaat\/wp-content\/uploads\/sites\/2\/2023\/01\/1583912617_0-300x201.jpg 300w, https:\/\/torunmuhendislik.com.tr\/insaat\/wp-content\/uploads\/sites\/2\/2023\/01\/1583912617_0-768x514.jpg 768w, https:\/\/torunmuhendislik.com.tr\/insaat\/wp-content\/uploads\/sites\/2\/2023\/01\/1583912617_0-600x400.jpg 600w, https:\/\/torunmuhendislik.com.tr\/insaat\/wp-content\/uploads\/sites\/2\/2023\/01\/1583912617_0.jpg 929w\" sizes=\"(max-width: 300px) 100vw, 300px\" \/><\/a>\n\t\t\t<\/div><\/figure>\n\t\t<\/div>\n\t\t<\/div>\n\t\t\t\t\t\t<\/div>\n\t\t\t\t<\/div>\n\t\t\t\t<div class=\"elementor-element elementor-element-ecff099 elementor-widget elementor-widget-heading\" data-id=\"ecff099\" data-element_type=\"widget\" id=\"konum\" data-widget_type=\"heading.default\">\n\t\t\t\t<div class=\"elementor-widget-container\">\n\t\t\t\t\t<h2 class=\"elementor-heading-title elementor-size-default\">Konum<\/h2>\t\t\t\t<\/div>\n\t\t\t\t<\/div>\n\t\t\t\t\t<\/div>\n\t\t<\/div>\n\t\t\t\t\t<\/div>\n\t\t<\/section>\n\t\t\t\t<\/div>\n\t\t","protected":false},"excerpt":{"rendered":"<p>B\u0130LG\u0130 PROJE DETAYLARI GALER\u0130 KONUM \u0130leti\u015fime Ge\u00e7! Hemen Ara G\u00fcnas Apartman\u0131 PROJE DETAYLARI PROJE \u0130SM\u0130 : G\u00fcnas Apartman\u0131 BA\u015eLAMA TAR\u0130H\u0130 : 2000 B\u0130T\u0130\u015e TAR\u0130H\u0130 : 2020 DA\u0130RE SAYISI : 24 ODA SAYISI : 3+1 Galeri Konum<\/p>\n","protected":false},"author":1,"featured_media":0,"parent":86,"menu_order":0,"comment_status":"closed","ping_status":"closed","template":"","meta":{"footnotes":""},"class_list":["post-457","page","type-page","status-publish","hentry"],"_links":{"self":[{"href":"https:\/\/torunmuhendislik.com.tr\/insaat\/wp-json\/wp\/v2\/pages\/457","targetHints":{"allow":["GET"]}}],"collection":[{"href":"https:\/\/torunmuhendislik.com.tr\/insaat\/wp-json\/wp\/v2\/pages"}],"about":[{"href":"https:\/\/torunmuhendislik.com.tr\/insaat\/wp-json\/wp\/v2\/types\/page"}],"author":[{"embeddable":true,"href":"https:\/\/torunmuhendislik.com.tr\/insaat\/wp-json\/wp\/v2\/users\/1"}],"replies":[{"embeddable":true,"href":"https:\/\/torunmuhendislik.com.tr\/insaat\/wp-json\/wp\/v2\/comments?post=457"}],"version-history":[{"count":7,"href":"https:\/\/torunmuhendislik.com.tr\/insaat\/wp-json\/wp\/v2\/pages\/457\/revisions"}],"predecessor-version":[{"id":640,"href":"https:\/\/torunmuhendislik.com.tr\/insaat\/wp-json\/wp\/v2\/pages\/457\/revisions\/640"}],"up":[{"embeddable":true,"href":"https:\/\/torunmuhendislik.com.tr\/insaat\/wp-json\/wp\/v2\/pages\/86"}],"wp:attachment":[{"href":"https:\/\/torunmuhendislik.com.tr\/insaat\/wp-json\/wp\/v2\/media?parent=457"}],"curies":[{"name":"wp","href":"https:\/\/api.w.org\/{rel}","templated":true}]}}