{"id":468,"date":"2023-01-03T16:32:13","date_gmt":"2023-01-03T13:32:13","guid":{"rendered":"http:\/\/torunmuhendislik.com.tr\/insaat\/?page_id=468"},"modified":"2023-01-04T18:15:25","modified_gmt":"2023-01-04T15:15:25","slug":"karabulut-apartmani","status":"publish","type":"page","link":"https:\/\/torunmuhendislik.com.tr\/insaat\/projeler\/karabulut-apartmani\/","title":{"rendered":"Karabulut Apartman\u0131"},"content":{"rendered":"\t\t<div data-elementor-type=\"wp-page\" data-elementor-id=\"468\" class=\"elementor elementor-468\">\n\t\t\t\t\t\t<section class=\"elementor-section elementor-top-section elementor-element elementor-element-ad0becc elementor-section-boxed elementor-section-height-default elementor-section-height-default\" data-id=\"ad0becc\" data-element_type=\"section\" data-settings=\"{&quot;background_background&quot;:&quot;classic&quot;}\">\n\t\t\t\t\t\t<div class=\"elementor-container elementor-column-gap-default\">\n\t\t\t\t\t<div class=\"elementor-column elementor-col-33 elementor-top-column elementor-element elementor-element-1cf2aa2 ot-flex-column-vertical\" data-id=\"1cf2aa2\" data-element_type=\"column\">\n\t\t\t<div class=\"elementor-widget-wrap\">\n\t\t\t\t\t\t\t<\/div>\n\t\t<\/div>\n\t\t\t\t<div class=\"elementor-column elementor-col-33 elementor-top-column elementor-element elementor-element-abd9023 ot-flex-column-vertical\" data-id=\"abd9023\" data-element_type=\"column\" data-settings=\"{&quot;background_background&quot;:&quot;classic&quot;}\">\n\t\t\t<div class=\"elementor-widget-wrap elementor-element-populated\">\n\t\t\t\t\t\t<div class=\"elementor-element elementor-element-9246eb7 elementor-widget elementor-widget-image\" data-id=\"9246eb7\" data-element_type=\"widget\" data-widget_type=\"image.default\">\n\t\t\t\t<div class=\"elementor-widget-container\">\n\t\t\t\t\t\t\t\t\t\t\t\t\t\t\t<img fetchpriority=\"high\" decoding=\"async\" width=\"929\" height=\"622\" src=\"https:\/\/torunmuhendislik.com.tr\/insaat\/wp-content\/uploads\/sites\/2\/2023\/01\/o_1583743678.jpg\" class=\"attachment-large size-large wp-image-470\" alt=\"\" srcset=\"https:\/\/torunmuhendislik.com.tr\/insaat\/wp-content\/uploads\/sites\/2\/2023\/01\/o_1583743678.jpg 929w, https:\/\/torunmuhendislik.com.tr\/insaat\/wp-content\/uploads\/sites\/2\/2023\/01\/o_1583743678-300x201.jpg 300w, https:\/\/torunmuhendislik.com.tr\/insaat\/wp-content\/uploads\/sites\/2\/2023\/01\/o_1583743678-768x514.jpg 768w\" sizes=\"(max-width: 929px) 100vw, 929px\" \/>\t\t\t\t\t\t\t\t\t\t\t\t\t\t\t<\/div>\n\t\t\t\t<\/div>\n\t\t\t\t\t<\/div>\n\t\t<\/div>\n\t\t\t\t<div class=\"elementor-column elementor-col-33 elementor-top-column elementor-element elementor-element-c839bce ot-flex-column-vertical\" data-id=\"c839bce\" data-element_type=\"column\">\n\t\t\t<div class=\"elementor-widget-wrap\">\n\t\t\t\t\t\t\t<\/div>\n\t\t<\/div>\n\t\t\t\t\t<\/div>\n\t\t<\/section>\n\t\t\t\t<section class=\"elementor-section elementor-top-section elementor-element elementor-element-f2894b1 elementor-section-boxed elementor-section-height-default elementor-section-height-default\" data-id=\"f2894b1\" data-element_type=\"section\">\n\t\t\t\t\t\t<div class=\"elementor-container elementor-column-gap-default\">\n\t\t\t\t\t<div class=\"jet-sticky-column-sticky elementor-column elementor-col-50 elementor-top-column elementor-element elementor-element-29fc085 ot-flex-column-vertical\" data-jet-sticky-column-settings=\"{&quot;id&quot;:&quot;29fc085&quot;,&quot;sticky&quot;:true,&quot;topSpacing&quot;:50,&quot;bottomSpacing&quot;:50,&quot;stickyOn&quot;:[&quot;desktop&quot;,&quot;tablet&quot;]}\" data-id=\"29fc085\" data-element_type=\"column\">\n\t\t\t<div class=\"elementor-widget-wrap elementor-element-populated\">\n\t\t\t\t\t\t<section class=\"elementor-section elementor-inner-section elementor-element elementor-element-6a60440 elementor-section-boxed elementor-section-height-default elementor-section-height-default\" data-id=\"6a60440\" data-element_type=\"section\">\n\t\t\t\t\t\t<div class=\"elementor-container elementor-column-gap-default\">\n\t\t\t\t\t<div class=\"elementor-column elementor-col-100 elementor-inner-column elementor-element elementor-element-5befcc3 ot-flex-column-vertical\" data-id=\"5befcc3\" data-element_type=\"column\">\n\t\t\t<div class=\"elementor-widget-wrap elementor-element-populated\">\n\t\t\t\t\t\t<div class=\"elementor-element elementor-element-275a622 elementor-icon-list--layout-traditional elementor-list-item-link-full_width elementor-widget elementor-widget-icon-list\" data-id=\"275a622\" data-element_type=\"widget\" data-widget_type=\"icon-list.default\">\n\t\t\t\t<div class=\"elementor-widget-container\">\n\t\t\t\t\t\t\t<ul class=\"elementor-icon-list-items\">\n\t\t\t\t\t\t\t<li class=\"elementor-icon-list-item\">\n\t\t\t\t\t\t\t\t\t\t\t<a href=\"#bilgi\">\n\n\t\t\t\t\t\t\t\t\t\t\t\t<span class=\"elementor-icon-list-icon\">\n\t\t\t\t\t\t\t<i aria-hidden=\"true\" class=\"far fa-arrow-alt-circle-right\"><\/i>\t\t\t\t\t\t<\/span>\n\t\t\t\t\t\t\t\t\t\t<span class=\"elementor-icon-list-text\">B\u0130LG\u0130<\/span>\n\t\t\t\t\t\t\t\t\t\t\t<\/a>\n\t\t\t\t\t\t\t\t\t<\/li>\n\t\t\t\t\t\t\t\t<li class=\"elementor-icon-list-item\">\n\t\t\t\t\t\t\t\t\t\t\t<a href=\"#proje-detayi\">\n\n\t\t\t\t\t\t\t\t\t\t\t\t<span class=\"elementor-icon-list-icon\">\n\t\t\t\t\t\t\t<i aria-hidden=\"true\" class=\"far fa-arrow-alt-circle-right\"><\/i>\t\t\t\t\t\t<\/span>\n\t\t\t\t\t\t\t\t\t\t<span class=\"elementor-icon-list-text\">PROJE DETAYLARI<\/span>\n\t\t\t\t\t\t\t\t\t\t\t<\/a>\n\t\t\t\t\t\t\t\t\t<\/li>\n\t\t\t\t\t\t\t\t<li class=\"elementor-icon-list-item\">\n\t\t\t\t\t\t\t\t\t\t\t<a href=\"#galeri\">\n\n\t\t\t\t\t\t\t\t\t\t\t\t<span class=\"elementor-icon-list-icon\">\n\t\t\t\t\t\t\t<i aria-hidden=\"true\" class=\"far fa-arrow-alt-circle-right\"><\/i>\t\t\t\t\t\t<\/span>\n\t\t\t\t\t\t\t\t\t\t<span class=\"elementor-icon-list-text\">GALER\u0130<\/span>\n\t\t\t\t\t\t\t\t\t\t\t<\/a>\n\t\t\t\t\t\t\t\t\t<\/li>\n\t\t\t\t\t\t\t\t<li class=\"elementor-icon-list-item\">\n\t\t\t\t\t\t\t\t\t\t\t<a href=\"#konum\">\n\n\t\t\t\t\t\t\t\t\t\t\t\t<span class=\"elementor-icon-list-icon\">\n\t\t\t\t\t\t\t<i aria-hidden=\"true\" class=\"far fa-arrow-alt-circle-right\"><\/i>\t\t\t\t\t\t<\/span>\n\t\t\t\t\t\t\t\t\t\t<span class=\"elementor-icon-list-text\">KONUM<\/span>\n\t\t\t\t\t\t\t\t\t\t\t<\/a>\n\t\t\t\t\t\t\t\t\t<\/li>\n\t\t\t\t\t\t<\/ul>\n\t\t\t\t\t\t<\/div>\n\t\t\t\t<\/div>\n\t\t\t\t<div class=\"elementor-element elementor-element-0ec71ce elementor-widget elementor-widget-heading\" data-id=\"0ec71ce\" data-element_type=\"widget\" data-widget_type=\"heading.default\">\n\t\t\t\t<div class=\"elementor-widget-container\">\n\t\t\t\t\t<h2 class=\"elementor-heading-title elementor-size-default\">\u0130leti\u015fime Ge\u00e7!<\/h2>\t\t\t\t<\/div>\n\t\t\t\t<\/div>\n\t\t\t\t<div class=\"elementor-element elementor-element-5c6fb6e elementor-align-center elementor-widget elementor-widget-button\" data-id=\"5c6fb6e\" data-element_type=\"widget\" data-widget_type=\"button.default\">\n\t\t\t\t<div class=\"elementor-widget-container\">\n\t\t\t\t\t\t\t\t\t<div class=\"elementor-button-wrapper\">\n\t\t\t\t\t<a class=\"elementor-button elementor-button-link elementor-size-sm\" href=\"tel:+903323519107\">\n\t\t\t\t\t\t<span class=\"elementor-button-content-wrapper\">\n\t\t\t\t\t\t<span class=\"elementor-button-icon\">\n\t\t\t\t<i aria-hidden=\"true\" class=\"fas fa-phone-alt\"><\/i>\t\t\t<\/span>\n\t\t\t\t\t\t\t\t\t<span class=\"elementor-button-text\">Hemen Ara<\/span>\n\t\t\t\t\t<\/span>\n\t\t\t\t\t<\/a>\n\t\t\t\t<\/div>\n\t\t\t\t\t\t\t\t<\/div>\n\t\t\t\t<\/div>\n\t\t\t\t\t<\/div>\n\t\t<\/div>\n\t\t\t\t\t<\/div>\n\t\t<\/section>\n\t\t\t\t\t<\/div>\n\t\t<\/div>\n\t\t\t\t<div class=\"elementor-column elementor-col-50 elementor-top-column elementor-element elementor-element-3bb29d4 ot-flex-column-vertical\" data-id=\"3bb29d4\" data-element_type=\"column\">\n\t\t\t<div class=\"elementor-widget-wrap elementor-element-populated\">\n\t\t\t\t\t\t<div class=\"elementor-element elementor-element-fd96216 elementor-widget elementor-widget-heading\" data-id=\"fd96216\" data-element_type=\"widget\" id=\"bilgi\" data-widget_type=\"heading.default\">\n\t\t\t\t<div class=\"elementor-widget-container\">\n\t\t\t\t\t<h2 class=\"elementor-heading-title elementor-size-default\">Karabulut Apartman\u0131<\/h2>\t\t\t\t<\/div>\n\t\t\t\t<\/div>\n\t\t\t\t<div class=\"elementor-element elementor-element-ac0edf9 elementor-widget elementor-widget-heading\" data-id=\"ac0edf9\" data-element_type=\"widget\" id=\"proje-detayi\" data-widget_type=\"heading.default\">\n\t\t\t\t<div class=\"elementor-widget-container\">\n\t\t\t\t\t<h2 class=\"elementor-heading-title elementor-size-default\">PROJE DETAYLARI<\/h2>\t\t\t\t<\/div>\n\t\t\t\t<\/div>\n\t\t\t\t<section class=\"elementor-section elementor-inner-section elementor-element elementor-element-396fa1f elementor-section-boxed elementor-section-height-default elementor-section-height-default\" data-id=\"396fa1f\" data-element_type=\"section\">\n\t\t\t\t\t\t<div class=\"elementor-container elementor-column-gap-default\">\n\t\t\t\t\t<div class=\"elementor-column elementor-col-33 elementor-inner-column elementor-element elementor-element-3a5cca8 ot-flex-column-vertical\" data-id=\"3a5cca8\" data-element_type=\"column\">\n\t\t\t<div class=\"elementor-widget-wrap elementor-element-populated\">\n\t\t\t\t\t\t<div class=\"elementor-element elementor-element-e6ea26e box-s1 icon-left bline-no elementor-widget elementor-widget-iiconbox2\" data-id=\"e6ea26e\" data-element_type=\"widget\" data-widget_type=\"iiconbox2.default\">\n\t\t\t\t<div class=\"elementor-widget-container\">\n\t\t\t\t\t\t\t<div class=\"icon-box icon-box-2\">\n\t\t\t<div class=\"icon-main\">\n\t\t        <i aria-hidden=\"true\" class=\"fas fa-user\"><\/i>\t        <\/div>\n\t        <div class=\"content-box\">\n\t\t\t\t<h5 class=\"title-box\"><a href=\"#\">PROJE \u0130SM\u0130 :<\/a><\/h5>\t\t\t\t<p>Karabulut Apartman\u0131<\/p>\t\t\t<\/div>\n\t    <\/div>\n\t    \t\t\t\t<\/div>\n\t\t\t\t<\/div>\n\t\t\t\t\t<\/div>\n\t\t<\/div>\n\t\t\t\t<div class=\"elementor-column elementor-col-33 elementor-inner-column elementor-element elementor-element-b2cd38a ot-flex-column-vertical\" data-id=\"b2cd38a\" data-element_type=\"column\">\n\t\t\t<div class=\"elementor-widget-wrap elementor-element-populated\">\n\t\t\t\t\t\t<div class=\"elementor-element elementor-element-4c00d9e box-s1 icon-left bline-no elementor-widget elementor-widget-iiconbox2\" data-id=\"4c00d9e\" data-element_type=\"widget\" data-widget_type=\"iiconbox2.default\">\n\t\t\t\t<div class=\"elementor-widget-container\">\n\t\t\t\t\t\t\t<div class=\"icon-box icon-box-2\">\n\t\t\t<div class=\"icon-main\">\n\t\t        <i aria-hidden=\"true\" class=\"far fa-clock\"><\/i>\t        <\/div>\n\t        <div class=\"content-box\">\n\t\t\t\t<h5 class=\"title-box\"><a href=\"#\">BA\u015eLAMA TAR\u0130H\u0130 :<\/a><\/h5>\t\t\t\t<p>1995<\/p>\t\t\t<\/div>\n\t    <\/div>\n\t    \t\t\t\t<\/div>\n\t\t\t\t<\/div>\n\t\t\t\t\t<\/div>\n\t\t<\/div>\n\t\t\t\t<div class=\"elementor-column elementor-col-33 elementor-inner-column elementor-element elementor-element-7cc78ff ot-flex-column-vertical\" data-id=\"7cc78ff\" data-element_type=\"column\">\n\t\t\t<div class=\"elementor-widget-wrap elementor-element-populated\">\n\t\t\t\t\t\t<div class=\"elementor-element elementor-element-7952f08 box-s1 icon-left bline-no elementor-widget elementor-widget-iiconbox2\" data-id=\"7952f08\" data-element_type=\"widget\" data-widget_type=\"iiconbox2.default\">\n\t\t\t\t<div class=\"elementor-widget-container\">\n\t\t\t\t\t\t\t<div class=\"icon-box icon-box-2\">\n\t\t\t<div class=\"icon-main\">\n\t\t        <i aria-hidden=\"true\" class=\"far fa-clock\"><\/i>\t        <\/div>\n\t        <div class=\"content-box\">\n\t\t\t\t<h5 class=\"title-box\"><a href=\"#\">B\u0130T\u0130\u015e TAR\u0130H\u0130 :<\/a><\/h5>\t\t\t\t<p>1997<\/p>\t\t\t<\/div>\n\t    <\/div>\n\t    \t\t\t\t<\/div>\n\t\t\t\t<\/div>\n\t\t\t\t\t<\/div>\n\t\t<\/div>\n\t\t\t\t\t<\/div>\n\t\t<\/section>\n\t\t\t\t<section class=\"elementor-section elementor-inner-section elementor-element elementor-element-50a76f7 elementor-section-boxed elementor-section-height-default elementor-section-height-default\" data-id=\"50a76f7\" data-element_type=\"section\">\n\t\t\t\t\t\t<div class=\"elementor-container elementor-column-gap-default\">\n\t\t\t\t\t<div class=\"elementor-column elementor-col-33 elementor-inner-column elementor-element elementor-element-4300a29 ot-flex-column-vertical\" data-id=\"4300a29\" data-element_type=\"column\">\n\t\t\t<div class=\"elementor-widget-wrap elementor-element-populated\">\n\t\t\t\t\t\t<div class=\"elementor-element elementor-element-a7d3fae box-s1 icon-left bline-no elementor-widget elementor-widget-iiconbox2\" data-id=\"a7d3fae\" data-element_type=\"widget\" data-widget_type=\"iiconbox2.default\">\n\t\t\t\t<div class=\"elementor-widget-container\">\n\t\t\t\t\t\t\t<div class=\"icon-box icon-box-2\">\n\t\t\t<div class=\"icon-main\">\n\t\t        <i aria-hidden=\"true\" class=\"icon icon-home\"><\/i>\t        <\/div>\n\t        <div class=\"content-box\">\n\t\t\t\t<h5 class=\"title-box\"><a href=\"#\">DA\u0130RE SAYISI :<\/a><\/h5>\t\t\t\t<p>20<\/p>\t\t\t<\/div>\n\t    <\/div>\n\t    \t\t\t\t<\/div>\n\t\t\t\t<\/div>\n\t\t\t\t\t<\/div>\n\t\t<\/div>\n\t\t\t\t<div class=\"elementor-column elementor-col-33 elementor-inner-column elementor-element elementor-element-bab0735 ot-flex-column-vertical\" data-id=\"bab0735\" data-element_type=\"column\">\n\t\t\t<div class=\"elementor-widget-wrap elementor-element-populated\">\n\t\t\t\t\t\t<div class=\"elementor-element elementor-element-a7601b0 box-s1 icon-left bline-no elementor-widget elementor-widget-iiconbox2\" data-id=\"a7601b0\" data-element_type=\"widget\" data-widget_type=\"iiconbox2.default\">\n\t\t\t\t<div class=\"elementor-widget-container\">\n\t\t\t\t\t\t\t<div class=\"icon-box icon-box-2\">\n\t\t\t<div class=\"icon-main\">\n\t\t        <i aria-hidden=\"true\" class=\"fas fa-door-closed\"><\/i>\t        <\/div>\n\t        <div class=\"content-box\">\n\t\t\t\t<h5 class=\"title-box\"><a href=\"#\">ODA SAYISI :<\/a><\/h5>\t\t\t\t<p>3+1<\/p>\t\t\t<\/div>\n\t    <\/div>\n\t    \t\t\t\t<\/div>\n\t\t\t\t<\/div>\n\t\t\t\t\t<\/div>\n\t\t<\/div>\n\t\t\t\t<div class=\"elementor-column elementor-col-33 elementor-inner-column elementor-element elementor-element-74ac3f1 ot-flex-column-vertical\" data-id=\"74ac3f1\" data-element_type=\"column\">\n\t\t\t<div class=\"elementor-widget-wrap\">\n\t\t\t\t\t\t\t<\/div>\n\t\t<\/div>\n\t\t\t\t\t<\/div>\n\t\t<\/section>\n\t\t\t\t\t<\/div>\n\t\t<\/div>\n\t\t\t\t\t<\/div>\n\t\t<\/section>\n\t\t\t\t<\/div>\n\t\t","protected":false},"excerpt":{"rendered":"<p>B\u0130LG\u0130 PROJE DETAYLARI GALER\u0130 KONUM \u0130leti\u015fime Ge\u00e7! Hemen Ara Karabulut Apartman\u0131 PROJE DETAYLARI PROJE \u0130SM\u0130 : Karabulut Apartman\u0131 BA\u015eLAMA TAR\u0130H\u0130 : 1995 B\u0130T\u0130\u015e TAR\u0130H\u0130 : 1997 DA\u0130RE SAYISI : 20 ODA SAYISI : 3+1<\/p>\n","protected":false},"author":1,"featured_media":0,"parent":86,"menu_order":0,"comment_status":"closed","ping_status":"closed","template":"","meta":{"footnotes":""},"class_list":["post-468","page","type-page","status-publish","hentry"],"_links":{"self":[{"href":"https:\/\/torunmuhendislik.com.tr\/insaat\/wp-json\/wp\/v2\/pages\/468","targetHints":{"allow":["GET"]}}],"collection":[{"href":"https:\/\/torunmuhendislik.com.tr\/insaat\/wp-json\/wp\/v2\/pages"}],"about":[{"href":"https:\/\/torunmuhendislik.com.tr\/insaat\/wp-json\/wp\/v2\/types\/page"}],"author":[{"embeddable":true,"href":"https:\/\/torunmuhendislik.com.tr\/insaat\/wp-json\/wp\/v2\/users\/1"}],"replies":[{"embeddable":true,"href":"https:\/\/torunmuhendislik.com.tr\/insaat\/wp-json\/wp\/v2\/comments?post=468"}],"version-history":[{"count":7,"href":"https:\/\/torunmuhendislik.com.tr\/insaat\/wp-json\/wp\/v2\/pages\/468\/revisions"}],"predecessor-version":[{"id":650,"href":"https:\/\/torunmuhendislik.com.tr\/insaat\/wp-json\/wp\/v2\/pages\/468\/revisions\/650"}],"up":[{"embeddable":true,"href":"https:\/\/torunmuhendislik.com.tr\/insaat\/wp-json\/wp\/v2\/pages\/86"}],"wp:attachment":[{"href":"https:\/\/torunmuhendislik.com.tr\/insaat\/wp-json\/wp\/v2\/media?parent=468"}],"curies":[{"name":"wp","href":"https:\/\/api.w.org\/{rel}","templated":true}]}}