{"id":76,"date":"2022-12-30T16:07:14","date_gmt":"2022-12-30T13:07:14","guid":{"rendered":"http:\/\/torunmuhendislik.com.tr\/insaat\/?page_id=76"},"modified":"2023-01-05T17:48:35","modified_gmt":"2023-01-05T14:48:35","slug":"hakkimizda","status":"publish","type":"page","link":"https:\/\/torunmuhendislik.com.tr\/insaat\/hakkimizda\/","title":{"rendered":"HAKKIMIZDA"},"content":{"rendered":"\t\t<div data-elementor-type=\"wp-page\" data-elementor-id=\"76\" class=\"elementor elementor-76\">\n\t\t\t\t\t\t<section class=\"elementor-section elementor-top-section elementor-element elementor-element-ad0becc elementor-section-boxed elementor-section-height-default elementor-section-height-default\" data-id=\"ad0becc\" data-element_type=\"section\" data-settings=\"{&quot;background_background&quot;:&quot;classic&quot;}\">\n\t\t\t\t\t\t<div class=\"elementor-container elementor-column-gap-default\">\n\t\t\t\t\t<div class=\"elementor-column elementor-col-100 elementor-top-column elementor-element elementor-element-abd9023 ot-flex-column-vertical\" data-id=\"abd9023\" data-element_type=\"column\" data-settings=\"{&quot;background_background&quot;:&quot;classic&quot;}\">\n\t\t\t<div class=\"elementor-widget-wrap elementor-element-populated\">\n\t\t\t\t\t\t<div class=\"elementor-element elementor-element-594992c elementor-tabs-view-vertical elementor-widget elementor-widget-tabs\" data-id=\"594992c\" data-element_type=\"widget\" data-widget_type=\"tabs.default\">\n\t\t\t\t<div class=\"elementor-widget-container\">\n\t\t\t\t\t\t\t<div class=\"elementor-tabs\">\n\t\t\t<div class=\"elementor-tabs-wrapper\" role=\"tablist\" >\n\t\t\t\t\t\t\t\t\t<div id=\"elementor-tab-title-9361\" class=\"elementor-tab-title elementor-tab-desktop-title\" aria-selected=\"true\" data-tab=\"1\" role=\"tab\" tabindex=\"0\" aria-controls=\"elementor-tab-content-9361\" aria-expanded=\"false\">HAKKIMIZDA<\/div>\n\t\t\t\t\t\t\t\t\t<div id=\"elementor-tab-title-9362\" class=\"elementor-tab-title elementor-tab-desktop-title\" aria-selected=\"false\" data-tab=\"2\" role=\"tab\" tabindex=\"-1\" aria-controls=\"elementor-tab-content-9362\" aria-expanded=\"false\">H\u0130ZMET POL\u0130T\u0130KASI<\/div>\n\t\t\t\t\t\t\t\t\t<div id=\"elementor-tab-title-9363\" class=\"elementor-tab-title elementor-tab-desktop-title\" aria-selected=\"false\" data-tab=\"3\" role=\"tab\" tabindex=\"-1\" aria-controls=\"elementor-tab-content-9363\" aria-expanded=\"false\">\u00c7EVRE POL\u0130T\u0130KASI<\/div>\n\t\t\t\t\t\t\t<\/div>\n\t\t\t<div class=\"elementor-tabs-content-wrapper\" role=\"tablist\" aria-orientation=\"vertical\">\n\t\t\t\t\t\t\t\t\t<div class=\"elementor-tab-title elementor-tab-mobile-title\" aria-selected=\"true\" data-tab=\"1\" role=\"tab\" tabindex=\"0\" aria-controls=\"elementor-tab-content-9361\" aria-expanded=\"false\">HAKKIMIZDA<\/div>\n\t\t\t\t\t<div id=\"elementor-tab-content-9361\" class=\"elementor-tab-content elementor-clearfix\" data-tab=\"1\" role=\"tabpanel\" aria-labelledby=\"elementor-tab-title-9361\" tabindex=\"0\" hidden=\"false\"><h4 id=\"hakkimizda\" class=\"fw-300\">Hayata \u201cmutlu\u201d bakan projeler<\/h4><p>Torun M\u00fchendislik \u0130n\u015faat San. ve Tic. A.\u015e. 1978 y\u0131l\u0131nda bir aile \u015firketi olarak kurulmu\u015f olup g\u00fcn\u00fcm\u00fcze kadar profesyonel anlamda bir \u00e7ok projeye imza atm\u0131\u015ft\u0131r. Faaliyette oldu\u011fu d\u00f6nemde projelerini kalite ve g\u00fcvenlik anlam\u0131nda geli\u015ftirerek \u00e7a\u011fa uygun, l\u00fcks, kullan\u0131\u015fl\u0131 konutlar \u00fcretmi\u015ftir ve \u00fcretmeye de devam etmektedir. Bundan sonraki s\u00fcre\u00e7te \u015firket olarak hedefi portf\u00f6y\u00fcn\u00fc geli\u015ftirerek, sekt\u00f6rde ilkler aras\u0131nda olan yerini en iyisi olma y\u00f6n\u00fcnde geli\u015ftirmektir. Tecr\u00fcbeli i\u015f\u00e7i ve m\u00fchendis kadrosuyla \u00e7al\u0131\u015fmay\u0131 ve d\u00fcr\u00fcstl\u00fc\u011f\u00fc ilke edinmi\u015f bir ekip kurarak taahh\u00fctlerini eksiksiz yerine getiren firmam\u0131z y\u00f6re halk\u0131na hizmet etmeye devam edecektir. Bug\u00fcne kadar yapt\u0131klar\u0131m\u0131z bundan sonraki yapacaklar\u0131m\u0131z\u0131n teminat\u0131d\u0131r deyip bundan sonra da \u00fclke ekonomisine katk\u0131 sa\u011flamaya devam etmek temel hedefimizdir. 30 y\u0131l\u0131 a\u015fan \u00e7al\u0131\u015fma hayat\u0131nda konusunda profesyonel \u00e7al\u0131\u015fan kadrosuyla toplam kalide anlay\u0131\u015f\u0131 \u00e7er\u00e7evesinde malzeme kalitesinden yap\u0131m s\u00fcresine, teknolojik standartlardan \u00e7al\u0131\u015fan kalitesine kadar bir b\u00fct\u00fcn olarak g\u00f6ren TORUN M\u00dcHEND\u0130SL\u0130K \u0130N\u015eAAT SAN. VE T\u0130C. A\u015e. Sekt\u00f6rdeki rekabeti daha profesyonelce s\u00fcrd\u00fcrebilme ad\u0131na bu b\u00fct\u00fcn\u00fcn bir par\u00e7as\u0131 olarak 1983 y\u0131l\u0131nda Eski Sanayi \u00c7ar\u015f\u0131s\u0131nda 200 m2 alanda kurulan Torun Demiri yan kurulu\u015f olarak hizmete sokmu\u015ftur. 2006 y\u0131l\u0131nda artan \u00fcr\u00fcn \u00e7e\u015fitleri ve m\u00fc\u015fteri taleplerine daha iyi cevap verebilmek ad\u0131na Uzman Sanayi Sitesinde Torun Demir yeni sat\u0131\u015f ma\u011fazas\u0131na ge\u00e7mi\u015ftir. Firmam\u0131z y\u0131llardan beri prensiplerinden taviz vermeyen d\u00fcr\u00fcst ve ilkeli \u00e7al\u0131\u015fan, uygun fiyat ve vade sa\u011flayan yakla\u015f\u0131m\u0131yla ad\u0131m ad\u0131m b\u00fcy\u00fcyerek sekt\u00f6r\u00fcnde s\u00f6z sahibi olmu\u015ftur. \u00d6n\u00fcm\u00fczdeki d\u00f6nemler i\u00e7inde m\u00fc\u015fteri memnuniyetini \u00f6n planda tutarak sekt\u00f6r\u00fcnde b\u00fcy\u00fcmeye devam edecek olan Torun M\u00fchendislik \u0130n\u015faat San. ve Tic. A.\u015e. Sizlerden ald\u0131\u011f\u0131 g\u00fc\u00e7 ve inan\u00e7la bu b\u00fcy\u00fcmesini artan bir ivme ile s\u00fcrd\u00fcrecektir.<\/p><\/div>\n\t\t\t\t\t\t\t\t\t<div class=\"elementor-tab-title elementor-tab-mobile-title\" aria-selected=\"false\" data-tab=\"2\" role=\"tab\" tabindex=\"-1\" aria-controls=\"elementor-tab-content-9362\" aria-expanded=\"false\">H\u0130ZMET POL\u0130T\u0130KASI<\/div>\n\t\t\t\t\t<div id=\"elementor-tab-content-9362\" class=\"elementor-tab-content elementor-clearfix\" data-tab=\"2\" role=\"tabpanel\" aria-labelledby=\"elementor-tab-title-9362\" tabindex=\"0\" hidden=\"hidden\"><h4 id=\"hizmet-politikasi\" class=\"c_0d mt-5 fw-300\">Hizmet Politikas\u0131<\/h4><p>\u0130nsan\u0131n ilk \u00e7a\u011flardan beri s\u00fcregelen yuva ihtiyac\u0131n\u0131, ona do\u011fal ve modern olanaklarla \u00e7evrelenmi\u015f olarak sunmak. \u00d6ncelikle sosyal, sportif ve k\u00fclt\u00fcrel aktivitelerle ba\u011f\u0131n\u0131 eksiksiz kurarak, do\u011fal yuva ihtiyac\u0131n\u0131 sa\u011flam bir zemine oturtmak. Sonra modernlik, mimari m\u00fckemmellik ve teknolojinin ak\u0131ll\u0131 kullan\u0131m\u0131yla insan\u0131 gelece\u011fe ta\u015f\u0131mak ve b\u00f6ylelikle y\u00fcceltmek. Gelecek ku\u015faklar\u0131n do\u011fay\u0131 korumay\u0131 \u00f6\u011frenecek ve \u00f6\u011fretecek bireyler olarak yeti\u015fmesini sa\u011flamak.<\/p><p>Toplam Kalite Anlay\u0131\u015f\u0131<\/p><\/div>\n\t\t\t\t\t\t\t\t\t<div class=\"elementor-tab-title elementor-tab-mobile-title\" aria-selected=\"false\" data-tab=\"3\" role=\"tab\" tabindex=\"-1\" aria-controls=\"elementor-tab-content-9363\" aria-expanded=\"false\">\u00c7EVRE POL\u0130T\u0130KASI<\/div>\n\t\t\t\t\t<div id=\"elementor-tab-content-9363\" class=\"elementor-tab-content elementor-clearfix\" data-tab=\"3\" role=\"tabpanel\" aria-labelledby=\"elementor-tab-title-9363\" tabindex=\"0\" hidden=\"hidden\"><h4 id=\"cevre-politikasi\" class=\"c_0d mt-5 fw-300\">\u00c7evre Politikas\u0131<\/h4><p>Temeli insana ve do\u011faya sayg\u0131 olan, bireyin do\u011fall\u0131\u011f\u0131yla ba\u011f\u0131n\u0131 koparmadan modernlik, mimari ve teknolojiden \u00fcst d\u00fczeyde faydalanmas\u0131n\u0131 sa\u011flamak.<\/p><\/div>\n\t\t\t\t\t\t\t<\/div>\n\t\t<\/div>\n\t\t\t\t\t\t<\/div>\n\t\t\t\t<\/div>\n\t\t\t\t\t<\/div>\n\t\t<\/div>\n\t\t\t\t\t<\/div>\n\t\t<\/section>\n\t\t\t\t<\/div>\n\t\t","protected":false},"excerpt":{"rendered":"<p>HAKKIMIZDA H\u0130ZMET POL\u0130T\u0130KASI \u00c7EVRE POL\u0130T\u0130KASI HAKKIMIZDA Hayata \u201cmutlu\u201d bakan projeler Torun M\u00fchendislik \u0130n\u015faat San. ve Tic. A.\u015e. 1978 y\u0131l\u0131nda bir aile \u015firketi olarak kurulmu\u015f olup g\u00fcn\u00fcm\u00fcze kadar profesyonel anlamda bir \u00e7ok projeye imza atm\u0131\u015ft\u0131r. Faaliyette oldu\u011fu d\u00f6nemde projelerini kalite ve g\u00fcvenlik anlam\u0131nda geli\u015ftirerek \u00e7a\u011fa uygun, l\u00fcks, kullan\u0131\u015fl\u0131 konutlar \u00fcretmi\u015ftir ve \u00fcretmeye de devam etmektedir. Bundan [&hellip;]<\/p>\n","protected":false},"author":1,"featured_media":0,"parent":0,"menu_order":0,"comment_status":"closed","ping_status":"closed","template":"","meta":{"footnotes":""},"class_list":["post-76","page","type-page","status-publish","hentry"],"_links":{"self":[{"href":"https:\/\/torunmuhendislik.com.tr\/insaat\/wp-json\/wp\/v2\/pages\/76","targetHints":{"allow":["GET"]}}],"collection":[{"href":"https:\/\/torunmuhendislik.com.tr\/insaat\/wp-json\/wp\/v2\/pages"}],"about":[{"href":"https:\/\/torunmuhendislik.com.tr\/insaat\/wp-json\/wp\/v2\/types\/page"}],"author":[{"embeddable":true,"href":"https:\/\/torunmuhendislik.com.tr\/insaat\/wp-json\/wp\/v2\/users\/1"}],"replies":[{"embeddable":true,"href":"https:\/\/torunmuhendislik.com.tr\/insaat\/wp-json\/wp\/v2\/comments?post=76"}],"version-history":[{"count":25,"href":"https:\/\/torunmuhendislik.com.tr\/insaat\/wp-json\/wp\/v2\/pages\/76\/revisions"}],"predecessor-version":[{"id":823,"href":"https:\/\/torunmuhendislik.com.tr\/insaat\/wp-json\/wp\/v2\/pages\/76\/revisions\/823"}],"wp:attachment":[{"href":"https:\/\/torunmuhendislik.com.tr\/insaat\/wp-json\/wp\/v2\/media?parent=76"}],"curies":[{"name":"wp","href":"https:\/\/api.w.org\/{rel}","templated":true}]}}